{"id":5,"date":"2017-05-17T17:05:18","date_gmt":"2017-05-17T23:05:18","guid":{"rendered":"http:\/\/adrianaparamo.com\/new\/?page_id=5"},"modified":"2017-07-26T11:12:02","modified_gmt":"2017-07-26T17:12:02","slug":"acerca-de-ap","status":"publish","type":"page","link":"https:\/\/adrianaparamo.com\/en\/acerca-de-ap\/","title":{"rendered":"Acerca de AP"},"content":{"rendered":"<p><img loading=\"lazy\" decoding=\"async\" class=\" wp-image-211 alignleft\" src=\"http:\/\/adrianaparamo.com\/wp-content\/uploads\/2017\/05\/foto-rojo-AP-300x300.png\" alt=\"\" width=\"290\" height=\"290\" srcset=\"https:\/\/adrianaparamo.com\/wp-content\/uploads\/2017\/05\/foto-rojo-AP-300x300.png 300w, https:\/\/adrianaparamo.com\/wp-content\/uploads\/2017\/05\/foto-rojo-AP-150x150.png 150w, https:\/\/adrianaparamo.com\/wp-content\/uploads\/2017\/05\/foto-rojo-AP-768x768.png 768w, https:\/\/adrianaparamo.com\/wp-content\/uploads\/2017\/05\/foto-rojo-AP-700x700.png 700w, https:\/\/adrianaparamo.com\/wp-content\/uploads\/2017\/05\/foto-rojo-AP-115x115.png 115w, https:\/\/adrianaparamo.com\/wp-content\/uploads\/2017\/05\/foto-rojo-AP.png 960w\" sizes=\"auto, (max-width: 290px) 100vw, 290px\" \/>Comunic\u00f3loga, Escritora, Conferenciante y Coach de vida.<\/p>\n<p>Certificada como agente capacitador externo por La Secretar\u00eda del Trabajo y Previsi\u00f3n Social.<\/p>\n<p>Autora de cuatro libros publicados por Editorial Vergara; Yo Drag\u00f3n (2010), Un Abrazo Al Coraz\u00f3n (2011), Cuaderno De Trabajo De Un Abrazo Al Coraz\u00f3n (2012), La Ciencia Del \u00c9xito (2014).<\/p>\n<p style=\"text-align: left;\">Autora de las c\u00e1psulas de radio \u201cUn Abrazo Al Coraz\u00f3n\u201d con cobertura nacional en diferentes estaciones de Grupo Radio F\u00f3rmula (103.3 y 104.1 en FM y 1470, 970 y 1500 en AM) donde habla de valores, principios y motivaci\u00f3n.<\/p>\n<p>Ha participado en programas de televisi\u00f3n como \u201cHoy\u201d, \u201c34 Noticias\u201d, y en radio con Eduardo Ru\u00edz Healy, Ricardo Rocha, Javier Poza entre otros.<\/p>\n<p>Ha colaborado en la revista \u201cS\u00f3lo Sanborns\u201d y \u201cMedicable\u201d publicando t\u00f3picos sobre bienestar personal, liderazgo, miedo al \u00e9xito y m\u00e1s.<\/p>\n<p>Presidente de la Asociaci\u00f3n Civil \u201cSociedad Incorporada A.C.\u201d, con la cual he participado en diferentes foros.<\/p>\n<p>Ha impartido cursos y conferencias en distintos lugares de la rep\u00fablica mexicana, entre ellos Auditorio Nacional de M\u00e9xico D.F., Auditorio Telmex Guadalajara, Auditorio Banamex Monterrey N.L. , entre otros.<\/p>\n<p><img loading=\"lazy\" decoding=\"async\" width=\"300\" height=\"300\" class=\"alignnone size-medium wp-image-218 aligncenter\" src=\"http:\/\/adrianaparamo.com\/wp-content\/uploads\/2017\/05\/AP-grabando-300x300.jpg\" alt=\"\" srcset=\"https:\/\/adrianaparamo.com\/wp-content\/uploads\/2017\/05\/AP-grabando-300x300.jpg 300w, https:\/\/adrianaparamo.com\/wp-content\/uploads\/2017\/05\/AP-grabando-150x150.jpg 150w, https:\/\/adrianaparamo.com\/wp-content\/uploads\/2017\/05\/AP-grabando-768x768.jpg 768w, https:\/\/adrianaparamo.com\/wp-content\/uploads\/2017\/05\/AP-grabando-700x700.jpg 700w, https:\/\/adrianaparamo.com\/wp-content\/uploads\/2017\/05\/AP-grabando-115x115.jpg 115w, https:\/\/adrianaparamo.com\/wp-content\/uploads\/2017\/05\/AP-grabando.jpg 960w\" sizes=\"auto, (max-width: 300px) 100vw, 300px\" \/>\u00a0\u00a0<img loading=\"lazy\" decoding=\"async\" width=\"300\" height=\"225\" class=\"alignnone size-medium wp-image-225 aligncenter\" src=\"http:\/\/adrianaparamo.com\/wp-content\/uploads\/2017\/05\/Radio-F\u00f3rmula-300x225.jpg\" alt=\"\" srcset=\"https:\/\/adrianaparamo.com\/wp-content\/uploads\/2017\/05\/Radio-F\u00f3rmula-300x225.jpg 300w, https:\/\/adrianaparamo.com\/wp-content\/uploads\/2017\/05\/Radio-F\u00f3rmula-768x576.jpg 768w, https:\/\/adrianaparamo.com\/wp-content\/uploads\/2017\/05\/Radio-F\u00f3rmula-700x525.jpg 700w, https:\/\/adrianaparamo.com\/wp-content\/uploads\/2017\/05\/Radio-F\u00f3rmula.jpg 960w\" sizes=\"auto, (max-width: 300px) 100vw, 300px\" \/>\u00a0\u00a0<img loading=\"lazy\" decoding=\"async\" width=\"300\" height=\"300\" class=\"alignnone size-medium wp-image-227 aligncenter\" src=\"http:\/\/adrianaparamo.com\/wp-content\/uploads\/2017\/05\/Libros-3-300x300.jpg\" alt=\"\" srcset=\"https:\/\/adrianaparamo.com\/wp-content\/uploads\/2017\/05\/Libros-3-300x300.jpg 300w, https:\/\/adrianaparamo.com\/wp-content\/uploads\/2017\/05\/Libros-3-150x150.jpg 150w, https:\/\/adrianaparamo.com\/wp-content\/uploads\/2017\/05\/Libros-3-768x768.jpg 768w, https:\/\/adrianaparamo.com\/wp-content\/uploads\/2017\/05\/Libros-3-700x700.jpg 700w, https:\/\/adrianaparamo.com\/wp-content\/uploads\/2017\/05\/Libros-3-115x115.jpg 115w, https:\/\/adrianaparamo.com\/wp-content\/uploads\/2017\/05\/Libros-3.jpg 960w\" sizes=\"auto, (max-width: 300px) 100vw, 300px\" \/>\u00a0\u00a0<img loading=\"lazy\" decoding=\"async\" width=\"300\" height=\"169\" class=\"alignnone size-medium wp-image-229 aligncenter\" src=\"http:\/\/adrianaparamo.com\/wp-content\/uploads\/2017\/05\/Conferencia-3-300x169.jpg\" alt=\"\" srcset=\"https:\/\/adrianaparamo.com\/wp-content\/uploads\/2017\/05\/Conferencia-3-300x169.jpg 300w, https:\/\/adrianaparamo.com\/wp-content\/uploads\/2017\/05\/Conferencia-3-768x432.jpg 768w, https:\/\/adrianaparamo.com\/wp-content\/uploads\/2017\/05\/Conferencia-3-700x394.jpg 700w, https:\/\/adrianaparamo.com\/wp-content\/uploads\/2017\/05\/Conferencia-3.jpg 960w\" sizes=\"auto, (max-width: 300px) 100vw, 300px\" \/><\/p>\n<p>&nbsp;<\/p>\n<p>&nbsp;<\/p>\n<p>&nbsp;<\/p>\n","protected":false},"excerpt":{"rendered":"<p>Comunic\u00f3loga, Escritora, Conferenciante y Coach de vida. Certificada como agente capacitador externo por La Secretar\u00eda del Trabajo y Previsi\u00f3n Social.<\/p>\n","protected":false},"author":1,"featured_media":0,"parent":0,"menu_order":0,"comment_status":"closed","ping_status":"closed","template":"","meta":{"footnotes":""},"class_list":["post-5","page","type-page","status-publish","hentry"],"_links":{"self":[{"href":"https:\/\/adrianaparamo.com\/en\/wp-json\/wp\/v2\/pages\/5","targetHints":{"allow":["GET"]}}],"collection":[{"href":"https:\/\/adrianaparamo.com\/en\/wp-json\/wp\/v2\/pages"}],"about":[{"href":"https:\/\/adrianaparamo.com\/en\/wp-json\/wp\/v2\/types\/page"}],"author":[{"embeddable":true,"href":"https:\/\/adrianaparamo.com\/en\/wp-json\/wp\/v2\/users\/1"}],"replies":[{"embeddable":true,"href":"https:\/\/adrianaparamo.com\/en\/wp-json\/wp\/v2\/comments?post=5"}],"version-history":[{"count":20,"href":"https:\/\/adrianaparamo.com\/en\/wp-json\/wp\/v2\/pages\/5\/revisions"}],"predecessor-version":[{"id":281,"href":"https:\/\/adrianaparamo.com\/en\/wp-json\/wp\/v2\/pages\/5\/revisions\/281"}],"wp:attachment":[{"href":"https:\/\/adrianaparamo.com\/en\/wp-json\/wp\/v2\/media?parent=5"}],"curies":[{"name":"wp","href":"https:\/\/api.w.org\/{rel}","templated":true}]}}