{"id":240,"date":"2017-07-24T08:50:05","date_gmt":"2017-07-24T14:50:05","guid":{"rendered":"http:\/\/adrianaparamo.com\/?page_id=240"},"modified":"2017-09-07T09:33:18","modified_gmt":"2017-09-07T15:33:18","slug":"cursos-y-talleres","status":"publish","type":"page","link":"https:\/\/adrianaparamo.com\/en\/cursos-y-talleres\/","title":{"rendered":"Cursos y Talleres"},"content":{"rendered":"<p>Los programas que he desarrollado, est\u00e1n basados en las principales corrientes human\u00edsticas de autores como Carl Jung, Alfred Adler, Edward Punset, Abraham Maslow, Sigmund Freud, Jos\u00e9 Antonio Marina, Anthony Robbins, entre otros.<\/p>\n<p>Con base en el trabajo propio y con terceros, he logrado un proceso basado en la metodolog\u00eda efectiva que permite alcanzar el m\u00e1ximo potencial de tu Capital Humano.<\/p>\n<p><b>Calidad en el servicio<\/b><\/p>\n<ul>\n<li>Programa de alto impacto en el que el participante obtendr\u00e1:<\/li>\n<li>Cultura del servicio. Reconocer\u00e1 la importancia de la calidad en el servicio y las exigencias del cliente.<\/li>\n<\/ul>\n<p>Habilidades para tratar con los distintos tipos de cliente.<\/p>\n<p><b>Adaptaci\u00f3n al cambio organizacional<\/b><\/p>\n<p>Programa efectivo que ofrece herramientas para que el participante adquiera:<\/p>\n<ul>\n<li>Autodisciplina.<\/li>\n<li>Mejor organizaci\u00f3n.<\/li>\n<li>Mayor planeaci\u00f3n e incremento de su nivel de proactividad.<\/li>\n<\/ul>\n<p><b>Trabajo en equipo<\/b><\/p>\n<p>Ofrece herramientas para que las personas mejoren sus relaciones laborales desarrollando habilidades como:<\/p>\n<ul>\n<li>Empat\u00eda.<\/li>\n<li>Reconocer las habilidades en otros.<\/li>\n<li>Comunicaci\u00f3n efectiva.<\/li>\n<\/ul>\n<p><b>Motivaci\u00f3n y compromiso con la organizaci\u00f3n<\/b><\/p>\n<ul>\n<li>Programa efectivo para motivar y generar pertenencia en el personal y con ello elevar el compromiso y la productividad.<\/li>\n<li>Manejo de conflictos.<\/li>\n<li>Gratificaci\u00f3n m\u00e1s all\u00e1 del ingreso.<\/li>\n<li>Detectar habilidades y fomentarlas.<\/li>\n<\/ul>\n<p><b>La Ciencia del \u00c9xito-Productividad y desarrollo<\/b><\/p>\n<p>Programa que ofrece soluciones puntuales en el ambiente laboral con base en constancia, disciplina, responsabilidad y perseverancia del Capital Humano.<\/p>\n<p>Acompa\u00f1amos a los participante a que obtengan un conocimiento pleno de ellos mismos, a que adquieran nociones de gesti\u00f3n empresarial haci\u00e9ndolos m\u00e1s productivos y alcancen su m\u00e1ximo potencial.<\/p>\n<p>&nbsp;<\/p>\n","protected":false},"excerpt":{"rendered":"<p>Los programas que he desarrollado, est\u00e1n basados en las principales corrientes human\u00edsticas de autores como Carl Jung, Alfred Adler, Edward<\/p>\n","protected":false},"author":1,"featured_media":0,"parent":0,"menu_order":0,"comment_status":"closed","ping_status":"closed","template":"","meta":{"footnotes":""},"class_list":["post-240","page","type-page","status-publish","hentry"],"_links":{"self":[{"href":"https:\/\/adrianaparamo.com\/en\/wp-json\/wp\/v2\/pages\/240","targetHints":{"allow":["GET"]}}],"collection":[{"href":"https:\/\/adrianaparamo.com\/en\/wp-json\/wp\/v2\/pages"}],"about":[{"href":"https:\/\/adrianaparamo.com\/en\/wp-json\/wp\/v2\/types\/page"}],"author":[{"embeddable":true,"href":"https:\/\/adrianaparamo.com\/en\/wp-json\/wp\/v2\/users\/1"}],"replies":[{"embeddable":true,"href":"https:\/\/adrianaparamo.com\/en\/wp-json\/wp\/v2\/comments?post=240"}],"version-history":[{"count":3,"href":"https:\/\/adrianaparamo.com\/en\/wp-json\/wp\/v2\/pages\/240\/revisions"}],"predecessor-version":[{"id":314,"href":"https:\/\/adrianaparamo.com\/en\/wp-json\/wp\/v2\/pages\/240\/revisions\/314"}],"wp:attachment":[{"href":"https:\/\/adrianaparamo.com\/en\/wp-json\/wp\/v2\/media?parent=240"}],"curies":[{"name":"wp","href":"https:\/\/api.w.org\/{rel}","templated":true}]}}