{"id":153,"date":"2017-05-26T13:56:17","date_gmt":"2017-05-26T19:56:17","guid":{"rendered":"http:\/\/adrianaparamo.com\/?page_id=153"},"modified":"2017-09-07T09:35:10","modified_gmt":"2017-09-07T15:35:10","slug":"servicios","status":"publish","type":"page","link":"https:\/\/adrianaparamo.com\/en\/servicios\/","title":{"rendered":"Servicios de Capacitaci\u00f3n"},"content":{"rendered":"<p><img loading=\"lazy\" decoding=\"async\" width=\"300\" height=\"300\" class=\"alignnone size-medium wp-image-231 alignleft\" src=\"http:\/\/adrianaparamo.com\/wp-content\/uploads\/2017\/05\/Cursos-y-talleres-300x300.jpg\" alt=\"\" \/><\/p>\n<p><b>Grupo APSO<\/b><\/p>\n<p>Somos una organizaci\u00f3n comprometida con la excelencia, experta en desarrollo humano, que concentra a:<\/p>\n<ul>\n<li>Adriana Paramo S.A. de C.V.<\/li>\n<li>Fratela<\/li>\n<li>Sociedad Incorporada A.C.<\/li>\n<\/ul>\n<p>Nuestros servicios son impartidos por profesionales capacitados y certificados por Adriana P\u00e1ramo,\u00a0 destacados en \u00e1reas como:<\/p>\n<ul>\n<li>Enfoque al cliente.<\/li>\n<li>Integraci\u00f3n y desarrollo de talentos.<\/li>\n<li>Liderazgo e Inteligencia emocional.<\/li>\n<li>Desescalamiento de conflictos.<\/li>\n<li>Efectividad y asertividad en toma de decisiones.<\/li>\n<\/ul>\n<p><b>Beneficios Directos de Nuestro Sistema de Capacitaci\u00f3n:<\/b><\/p>\n<ul>\n<li>Mejora el desempe\u00f1o y productividad del personal.<\/li>\n<li>Incrementa la creatividad y capacidad de aprendizaje.<\/li>\n<li>Mejora el uso de habilidades y recursos de las personas.<\/li>\n<li>Fomenta la armon\u00eda en las relaciones interpersonales.<\/li>\n<li>Mejora la calidad de vida en el trabajo.<\/li>\n<li>Activa los valores centrales y compromisos de las personas.<\/li>\n<li>Promueve el trabajo en equipo.<\/li>\n<li>Otorga la capacidad de adaptaci\u00f3n al cambio, influencia y liderazgo.<\/li>\n<li>Fomenta una comunicaci\u00f3n eficaz.<\/li>\n<li>Lleva a tu Capital Humano a su m\u00e1ximo potencial.<\/li>\n<\/ul>\n<p><b>Programas y Cursos:<\/b><\/p>\n<ul>\n<li>Inteligencia emocional.<\/li>\n<li>Desarrollo de habilidades.<\/li>\n<li>Plan de vida.<\/li>\n<li>Excelencia Profesional<\/li>\n<li>Sensibilizaci\u00f3n al Cambio.<\/li>\n<li>Resistencia y Manejo del Cambio.<\/li>\n<li>Balance de Vida y Trabajo.<\/li>\n<li>Orientaci\u00f3n al servicio.<\/li>\n<li>Calidad en el servicio.<\/li>\n<li>Liderazgo.<\/li>\n<li>Liderazgo Situacional.<\/li>\n<li>Eficiencia en los equipos de trabajo<\/li>\n<li>Negociaci\u00f3n efectiva.<\/li>\n<li>An\u00e1lisis de Problemas y toma de Decisiones.<\/li>\n<li>Coaching organizacional.<\/li>\n<li>Coaching Ejecutivo.<\/li>\n<\/ul>\n<p><strong>T\u00e9cnicas y herramientas<\/strong><\/p>\n<p>1.Crear proyectos de vida.<\/p>\n<p>2.Resolver tus problemas.<\/p>\n<p>3.Superar la depresi\u00f3n.<\/p>\n<p>4.Mejorar tus relaciones interpersonales.<\/p>\n<p>5.Controlar tu ira.<\/p>\n<p>6.Enfrentar el secuestro amigdalar.<\/p>\n<p>7.Desarrollar la inteligencia emocional y social.<\/p>\n<p>8.Eneagrama.<\/p>\n<p>9.Logoterapia.<\/p>\n<p>10.Programaci\u00f3n Neuroling\u00fc\u00edstica (PNL).<\/p>\n<p>11.Genograma.<\/p>\n<p>12.Coaching.<\/p>\n<p>13.T\u00e9cnicas de liberaci\u00f3n personal.<\/p>\n<p>14.El proceso del Coaching<\/p>\n<p><strong>\u00bfPor qu\u00e9 capacitarse con Grupo APSO?<\/strong><\/p>\n<p>7 Razones<\/p>\n<p>1.Grupo APSO utiliza m\u00e9todos de capacitaci\u00f3n comprobados con un alto nivel de \u00e9xito.<\/p>\n<p>2.La metodolog\u00eda de Grupo APSO esta dise\u00f1ada para reducir la curva de olvido.<\/p>\n<p>3.Generamos pruebas muestrales no invasivas que nos permiten personalizar el modelo de capacitaci\u00f3n.<\/p>\n<p>4.Resultados medibles y accionables.<\/p>\n","protected":false},"excerpt":{"rendered":"<p>Grupo APSO Somos una organizaci\u00f3n comprometida con la excelencia, experta en desarrollo humano, que concentra a: Adriana Paramo S.A. de<\/p>\n","protected":false},"author":1,"featured_media":0,"parent":0,"menu_order":0,"comment_status":"closed","ping_status":"closed","template":"","meta":{"footnotes":""},"class_list":["post-153","page","type-page","status-publish","hentry"],"_links":{"self":[{"href":"https:\/\/adrianaparamo.com\/en\/wp-json\/wp\/v2\/pages\/153","targetHints":{"allow":["GET"]}}],"collection":[{"href":"https:\/\/adrianaparamo.com\/en\/wp-json\/wp\/v2\/pages"}],"about":[{"href":"https:\/\/adrianaparamo.com\/en\/wp-json\/wp\/v2\/types\/page"}],"author":[{"embeddable":true,"href":"https:\/\/adrianaparamo.com\/en\/wp-json\/wp\/v2\/users\/1"}],"replies":[{"embeddable":true,"href":"https:\/\/adrianaparamo.com\/en\/wp-json\/wp\/v2\/comments?post=153"}],"version-history":[{"count":10,"href":"https:\/\/adrianaparamo.com\/en\/wp-json\/wp\/v2\/pages\/153\/revisions"}],"predecessor-version":[{"id":315,"href":"https:\/\/adrianaparamo.com\/en\/wp-json\/wp\/v2\/pages\/153\/revisions\/315"}],"wp:attachment":[{"href":"https:\/\/adrianaparamo.com\/en\/wp-json\/wp\/v2\/media?parent=153"}],"curies":[{"name":"wp","href":"https:\/\/api.w.org\/{rel}","templated":true}]}}